{"id":259,"date":"2016-09-12T18:32:01","date_gmt":"2016-09-12T16:32:01","guid":{"rendered":"http:\/\/www.schmerzmedizin-kassel.de\/?page_id=259"},"modified":"2021-08-22T17:58:18","modified_gmt":"2021-08-22T15:58:18","slug":"impressum","status":"publish","type":"page","link":"https:\/\/www.schmerzmedizin-kassel.de\/en\/impressum\/","title":{"rendered":"Imprint"},"content":{"rendered":"[vc_row bg_type=&#8221;bg_color&#8221; bg_color_value=&#8221;#6caae1&#8243; el_class=&#8221;smks-content&#8221; el_id=&#8221;smks-site-head&#8221;][vc_column]<div id=\"ultimate-heading-77669ee65ba5ca60\" class=\"uvc-heading ult-adjust-bottom-margin ultimate-heading-77669ee65ba5ca60 uvc-4664 header-text\" data-hspacer=\"no_spacer\"  data-halign=\"left\" style=\"text-align:left\"><div class=\"uvc-heading-spacer no_spacer\" style=\"top\"><\/div><div class=\"uvc-main-heading ult-responsive\"  data-ultimate-target='.uvc-heading.ultimate-heading-77669ee65ba5ca60 h1'  data-responsive-json-new='{\"font-size\":\"desktop:48px;tablet:48px;tablet_portrait:48px;mobile_landscape:48px;mobile:48px;\",\"line-height\":\"\"}' ><h1 style=\"font-family:&#039;Open Sans&#039;;font-weight:600;color:#e2eef9;\"><i>Kassel<\/i>Pain Center Germany<\/h1><\/div><\/div>[\/vc_column][\/vc_row][vc_row bg_type=&#8221;bg_color&#8221; seperator_enable=&#8221;seperator_enable_value&#8221; seperator_type=&#8221;tilt_left_seperator&#8221; seperator_svg_height=&#8221;120&#8243; seperator_shape_background=&#8221;#6caae1&#8243; bg_color_value=&#8221;#ffffff&#8221; el_class=&#8221;smks-content&#8221; el_id=&#8221;smks-front-slider&#8221;][vc_column][vc_images_carousel images=&#8221;57,58&#8243; img_size=&#8221;full&#8221; onclick=&#8221;link_no&#8221; autoplay=&#8221;yes&#8221; hide_prev_next_buttons=&#8221;yes&#8221; wrap=&#8221;yes&#8221; css=&#8221;.vc_custom_1472837447032{margin-top: 0px !important;margin-right: 0px !important;margin-bottom: 0px !important;margin-left: 0px !important;padding-top: 0px !important;padding-right: 0px !important;padding-bottom: 0px !important;padding-left: 0px !important;}&#8221;][vc_raw_html]JTNDZGl2JTIwY2xhc3MlM0QlMjJzbWtzLWZyb250LXNsaWRlci1zZXAlMjIlM0UlMjZuYnNwJTNCJTNDJTJGZGl2JTNF[\/vc_raw_html][vc_raw_html]JTNDc3ZnJTIwc3R5bGUlM0QlMjJoZWlnaHQlM0ElMjAxNDFweCUzQiUyMHRvcCUzQSUyMC0ycHglMjIlMjBjbGFzcyUzRCUyMnV2Yy10aWx0LWxlZnQtc2VwZXJhdG9yJTIyJTIweG1sbnMlM0QlMjJodHRwJTNBJTJGJTJGd3d3LnczLm9yZyUyRjIwMDAlMkZzdmclMjIlMjB2ZXJzaW9uJTNEJTIyMS4xJTIyJTIwZmlsbCUzRCUyMiUyM0ZGRkZGRiUyMiUyMHdpZHRoJTNEJTIyMTAwJTI1JTIyJTIwaGVpZ2h0JTNEJTIyMTIwJTIyJTIwdmlld0JveCUzRCUyMjAlMjAwJTIwNCUyMDAuMjY2NjYxJTIyJTIwcHJlc2VydmVBc3BlY3RSYXRpbyUzRCUyMm5vbmUlMjIlM0UlM0Nwb2x5Z29uJTIwcG9pbnRzJTNEJTIyNCUyQzAlMjAtMC4yNCUyQzAuMjQlMjAwJTJDMC4yNDUlMjA0LjAxJTJDMC4wMiUyMiUzRSUzQyUyRnBvbHlnb24lM0UlM0MlMkZzdmclM0U=[\/vc_raw_html][vc_raw_html]JTNDZGl2JTIwY2xhc3MlM0QlMjJzbWtzLWNvbnRhY3QlMjIlM0UlMEElM0NoNSUzRVBhaW4lMjBDZW50ZXIlMjBHZXJtYW55JTNDJTJGaDUlM0UlMEElM0NwJTNFUmFpbmVyLURpZXJpY2hzLVBsYXR6JTIwMiUzQ2JyJTIwJTJGJTNFMzQxMTclMjBLYXNzZWwlM0MlMkZwJTNFJTBBJTNDcCUyMGNsYXNzJTNEJTIycGhvbmUtbnVtYmVyJTIyJTNFJTJCNDklMjA1NjElMjA3NjYlMjAwNiUyMDk5OSUzQyUyRnAlM0UlMEElM0NidXR0b24lMjB0eXBlJTNEJTIyYnV0dG9uJTIyJTIwaWQlM0QlMjJ1YnRuLTcwNjklMjIlMjBvbmNsaWNrJTNEJTIyamF2YXNjcmlwdCUzQWRvY3VtZW50LmxvY2F0aW9uLmhyZWYlM0QlMjcuLiUyRmVuJTJGYWt0dWVsbGVzJTI3JTIyJTIwY2xhc3MlM0QlMjJ1YnRuJTIwdWx0LWFkanVzdC1ib3R0b20tbWFyZ2luJTIwdWx0LXJlc3BvbnNpdmUlMjB1YnRuLW5vcm1hbCUyMHVidG4tZmFkZS1iZyUyMCUyMG5vbmUlMjAlMjB1YnRuLWNlbnRlciUyMHRvb2x0aXAtNTdkNmM4ZjZkN2JmZCUyMiUyMGRhdGEtaG92ZXIlM0QlMjIlMjNmZmZmZmYlMjIlMjBkYXRhLWJvcmRlci1jb2xvciUzRCUyMiUyMiUyMGRhdGEtYmclM0QlMjIlMjM2Y2FhZTElMjIlMjBkYXRhLWhvdmVyLWJnJTNEJTIyJTIzNjY5OTAwJTIyJTIwZGF0YS1ib3JkZXItaG92ZXIlM0QlMjIlMjIlMjBkYXRhLXNoYWRvdy1ob3ZlciUzRCUyMiUyMiUyMGRhdGEtc2hhZG93LWNsaWNrJTNEJTIybm9uZSUyMiUyMGRhdGEtc2hhZG93JTNEJTIyJTIyJTIwZGF0YS1zaGQtc2hhZG93JTNEJTIyJTIyJTIwJTIwZGF0YS11bHRpbWF0ZS10YXJnZXQlM0QlMjclMjN1YnRuLTcwNjklMjclMjAlMjBkYXRhLXJlc3BvbnNpdmUtanNvbi1uZXclM0QlMjclN0IlMjJmb250LXNpemUlMjIlM0ElMjJkZXNrdG9wJTNBMTRweCUzQiUyMiUyQyUyMmxpbmUtaGVpZ2h0JTIyJTNBJTIyZGVza3RvcCUzQTE0cHglM0IlMjIlN0QlMjclMjAlMjBzdHlsZSUzRCUyMmZvbnQtZmFtaWx5JTNBJTI3T3BlbiUyMFNhbnMlMjclM0Jmb250LXdlaWdodCUzQTMwMCUzQmJvcmRlciUzQW5vbmUlM0JiYWNrZ3JvdW5kJTNBJTIwJTIzNmNhYWUxJTNCY29sb3IlM0ElMjAlMjNmZmZmZmYlM0Jib3JkZXItcmFkaXVzJTNBM3B4JTNCbWFyZ2luLXRvcCUzQTMwcHglM0J3aWR0aCUzQTkwJTI1JTIyJTNFJTNDc3BhbiUyMGNsYXNzJTNEJTIydWJ0bi1ob3ZlciUyMiUyMHN0eWxlJTNEJTIyYmFja2dyb3VuZC1jb2xvciUzQSUyMzY2OTkwMCUyMiUzRSUzQyUyRnNwYW4lM0UlM0NzcGFuJTIwY2xhc3MlM0QlMjJ1YnRuLWRhdGElMjB1YnRuLXRleHQlMjIlM0VjdXJyZW50JTIwaW5mb3JtYXRpb24lM0MlMkZzcGFuJTNFJTNDJTJGYnV0dG9uJTNFJTBBJTNDJTJGZGl2JTNF[\/vc_raw_html][vc_raw_html]JTNDc3ZnJTIwc3R5bGUlM0QlMjJoZWlnaHQlM0ElMjA1NHB4JTNCJTIwdG9wJTNBJTIwMjUwcHglM0IlMjB3aWR0aCUzQTM4MnB4JTNCJTIwcmlnaHQlM0EwJTIyJTIwY2xhc3MlM0QlMjJ1dmMtdGlsdC1sZWZ0LXNlcGVyYXRvciUyMiUyMHhtbG5zJTNEJTIyaHR0cCUzQSUyRiUyRnd3dy53My5vcmclMkYyMDAwJTJGc3ZnJTIyJTIwdmVyc2lvbiUzRCUyMjEuMSUyMiUyMGZpbGwlM0QlMjIlMjNGRkZGRkYlMjIlMjB3aWR0aCUzRCUyMjEwMCUyNSUyMiUyMGhlaWdodCUzRCUyMjEyMCUyMiUyMHZpZXdCb3glM0QlMjIwJTIwMCUyMDQlMjAwLjI2NjY2MSUyMiUyMHByZXNlcnZlQXNwZWN0UmF0aW8lM0QlMjJub25lJTIyJTNFJTNDcG9seWdvbiUyMHBvaW50cyUzRCUyMjQuMDElMkMwJTIwLTAuNjElMkMwLjI0JTIwMCUyQzAuMzElMjA0LjAxJTJDMi4wNSUyMiUzRSUzQyUyRnBvbHlnb24lM0UlM0MlMkZzdmclM0U=[\/vc_raw_html][vc_raw_html]JTNDc3ZnJTIwc3R5bGUlM0QlMjJoZWlnaHQlM0ElMjA3MnB4JTNCJTIwdG9wJTNBJTIwMjM0cHglM0IlMjB3aWR0aCUzQTM4MnB4JTNCJTIwcmlnaHQlM0EwJTNCJTIwb3BhY2l0eSUzQTAuNSUyMiUyMGNsYXNzJTNEJTIydXZjLXRpbHQtbGVmdC1zZXBlcmF0b3IlMjIlMjB4bWxucyUzRCUyMmh0dHAlM0ElMkYlMkZ3d3cudzMub3JnJTJGMjAwMCUyRnN2ZyUyMiUyMHZlcnNpb24lM0QlMjIxLjElMjIlMjBmaWxsJTNEJTIyJTIzRkZGRkZGJTIyJTIwd2lkdGglM0QlMjIxMDAlMjUlMjIlMjBoZWlnaHQlM0QlMjIxMjAlMjIlMjB2aWV3Qm94JTNEJTIyMCUyMDAlMjA0JTIwMC4yNjY2NjElMjIlMjBwcmVzZXJ2ZUFzcGVjdFJhdGlvJTNEJTIybm9uZSUyMiUzRSUzQ3BvbHlnb24lMjBwb2ludHMlM0QlMjI0LjAxJTJDMCUyMC0xLjglMkMwLjI0JTIwMCUyQzAuMjY2NjElMjA0LjElMkMwLjExJTIyJTNFJTNDJTJGcG9seWdvbiUzRSUzQyUyRnN2ZyUzRQ==[\/vc_raw_html][\/vc_column][\/vc_row][vc_row bg_type=&#8221;bg_color&#8221; bg_color_value=&#8221;#ffffff&#8221; el_class=&#8221;smks-content smks-text-padding&#8221; el_id=&#8221;smkscontent&#8221;][vc_column]<div id=\"ultimate-heading-951669ee65ba5ca87\" class=\"uvc-heading ult-adjust-bottom-margin ultimate-heading-951669ee65ba5ca87 uvc-2999 \" data-hspacer=\"no_spacer\"  data-halign=\"left\" style=\"text-align:left\"><div class=\"uvc-heading-spacer no_spacer\" style=\"top\"><\/div><div class=\"uvc-main-heading ult-responsive\"  data-ultimate-target='.uvc-heading.ultimate-heading-951669ee65ba5ca87 h2'  data-responsive-json-new='{\"font-size\":\"desktop:38px;\",\"line-height\":\"\"}' ><h2 style=\"font-family:&#039;Open Sans&#039;;font-weight:600;color:#666666;margin-top:50px;\">Imprint<\/h2><\/div><\/div><div class=\"ult-spacer spacer-69ee65ba5caaa\" data-id=\"69ee65ba5caaa\" data-height=\"30\" data-height-mobile=\"30\" data-height-tab=\"30\" data-height-tab-portrait=\"30\" data-height-mobile-landscape=\"30\" style=\"clear:both;display:block;\"><\/div>[vc_column_text]Pain Center Germany<br \/>\nPractice Owner: Markus Gehling (M.D.)<\/p>\n<p>Rainer-Dierichs-Platz 2<br \/>\n34117 Kassel[\/vc_column_text][vc_row_inner][vc_column_inner width=&#8221;1\/2&#8243;][vc_column_text]Telefon: +49 561 \/ 766 06 999<br \/>\nTelefax:[\/vc_column_text][\/vc_column_inner][vc_column_inner width=&#8221;1\/2&#8243;][vc_column_text]E-Mail: <a href=\"mailto:info@schmerzmedizin-kassel.de\">info@pain-center-germany.de<\/a><br \/>\nInternet: http:\/\/www.pain-center-germany.de[\/vc_column_text][\/vc_column_inner][\/vc_row_inner][\/vc_column][\/vc_row][vc_row bg_type=&#8221;bg_color&#8221; seperator_enable=&#8221;seperator_enable_value&#8221; seperator_type=&#8221;tilt_right_seperator&#8221; seperator_position=&#8221;bottom_seperator&#8221; seperator_svg_height=&#8221;75&#8243; seperator_shape_background=&#8221;#6caae1&#8243; bg_color_value=&#8221;#ffffff&#8221; el_class=&#8221;smks-content smks-text-padding&#8221; css=&#8221;.vc_custom_1472851915711{margin-top: 0px !important;padding-top: 0px !important;padding-bottom: 125px !important;}&#8221;][vc_column]<div id=\"ultimate-heading-749469ee65ba5cac1\" class=\"uvc-heading ult-adjust-bottom-margin ultimate-heading-749469ee65ba5cac1 uvc-6076 \" data-hspacer=\"no_spacer\"  data-halign=\"left\" style=\"text-align:left\"><div class=\"uvc-heading-spacer no_spacer\" style=\"top\"><\/div><div class=\"uvc-main-heading ult-responsive\"  data-ultimate-target='.uvc-heading.ultimate-heading-749469ee65ba5cac1 h3'  data-responsive-json-new='{\"font-size\":\"desktop:26px;\",\"line-height\":\"\"}' ><h3 style=\"font-family:&#039;Open Sans&#039;;font-weight:600;color:#999999;margin-bottom:35px;\">Occupational Titles<\/h3><\/div><\/div>[vc_column_text]Medical Doctor<br \/>\nAnaesthesiologist<\/p>\n<p>Board qualified in<br \/>\n&#8211; Pain Medicine<br \/>\n&#8211; Palliative Care Medicine<br \/>\n&#8211; Manual Medicine<br \/>\n&#8211; Intensive Care Medicine<br \/>\n&#8211; Emergency Medicine[\/vc_column_text][vc_column_text]Medical Doctor aquired in Germany<br \/>\nOccupational titles- and additional designations obtained from \u00c4rztekammer S\u00fcdbaden (Frankfurt) and Landes\u00e4rztekammer Hessen (Frankfurt)[\/vc_column_text]<div id=\"ultimate-heading-35069ee65ba5caec\" class=\"uvc-heading ult-adjust-bottom-margin ultimate-heading-35069ee65ba5caec uvc-4195 \" data-hspacer=\"no_spacer\"  data-halign=\"left\" style=\"text-align:left\"><div class=\"uvc-heading-spacer no_spacer\" style=\"top\"><\/div><div class=\"uvc-main-heading ult-responsive\"  data-ultimate-target='.uvc-heading.ultimate-heading-35069ee65ba5caec h3'  data-responsive-json-new='{\"font-size\":\"desktop:26px;\",\"line-height\":\"\"}' ><h3 style=\"font-family:&#039;Open Sans&#039;;font-weight:600;color:#999999;margin-top:20px;margin-bottom:35px;\">Supervisory Authority<\/h3><\/div><\/div>[vc_column_text el_class=&#8221;server-data-list&#8221;]Landes\u00e4rztekammer Hessen<br \/>\nIm Vogelsang 3<br \/>\n60488 Frankfurt\/Main<\/p>\n<p>More informations on their website under <a href=\"http:\/\/www.laekh.de\" target=\"_blank\" rel=\"noopener noreferrer\">www.laekh.de<\/a>[\/vc_column_text]<div id=\"ultimate-heading-855369ee65ba5cb22\" class=\"uvc-heading ult-adjust-bottom-margin ultimate-heading-855369ee65ba5cb22 uvc-102 \" data-hspacer=\"no_spacer\"  data-halign=\"left\" style=\"text-align:left\"><div class=\"uvc-heading-spacer no_spacer\" style=\"top\"><\/div><div class=\"uvc-main-heading ult-responsive\"  data-ultimate-target='.uvc-heading.ultimate-heading-855369ee65ba5cb22 h3'  data-responsive-json-new='{\"font-size\":\"desktop:26px;\",\"line-height\":\"\"}' ><h3 style=\"font-family:&#039;Open Sans&#039;;font-weight:600;color:#999999;margin-top:20px;margin-bottom:35px;\">Association of Statutory Health Insurance Physicians<\/h3><\/div><\/div>[vc_column_text]Kassen\u00e4rztliche Vereinigung Hessen<br \/>\nEuropa-Allee 90<br \/>\n60486 Frankfurt<\/p>\n<p>More informations on their website under <a href=\"http:\/\/www.kvhessen.de\" target=\"_blank\" rel=\"noopener noreferrer\">www.kvhessen.de<\/a>[\/vc_column_text]<div id=\"ultimate-heading-75969ee65ba5cb50\" class=\"uvc-heading ult-adjust-bottom-margin ultimate-heading-75969ee65ba5cb50 uvc-2001 \" data-hspacer=\"no_spacer\"  data-halign=\"left\" style=\"text-align:left\"><div class=\"uvc-heading-spacer no_spacer\" style=\"top\"><\/div><div class=\"uvc-main-heading ult-responsive\"  data-ultimate-target='.uvc-heading.ultimate-heading-75969ee65ba5cb50 h3'  data-responsive-json-new='{\"font-size\":\"desktop:26px;\",\"line-height\":\"\"}' ><h3 style=\"font-family:&#039;Open Sans&#039;;font-weight:600;color:#999999;margin-top:20px;margin-bottom:35px;\">Design &amp; Coding<\/h3><\/div><\/div>[vc_row_inner][vc_column_inner width=&#8221;1\/2&#8243;][vc_column_text]<a href=\"http:\/\/www.brassat-webdesign.de\" target=\"_blank\" rel=\"noopener noreferrer\">Brassat Webdesign<\/a><br \/>\nAm Berg 18<br \/>\n36251 Ludwigsau Ersrode[\/vc_column_text][\/vc_column_inner][vc_column_inner width=&#8221;1\/2&#8243;][vc_column_text el_class=&#8221;bw-info&#8221;]Brassat Webdesign plans, creates and cares about websites of clubs, private persons and small or middle-class companys.[\/vc_column_text][\/vc_column_inner][\/vc_row_inner][\/vc_column][\/vc_row][vc_row bg_type=&#8221;bg_color&#8221; bg_color_value=&#8221;#6caae1&#8243; el_class=&#8221;smks-content&#8221; el_id=&#8221;smks-footer&#8221;][vc_column width=&#8221;1\/2&#8243; el_class=&#8221;footer-col-lft&#8221; css=&#8221;.vc_custom_1473570604668{padding-top: 20px !important;padding-right: 0px !important;padding-bottom: 40px !important;padding-left: 0px !important;}&#8221;]<div id=\"ultimate-heading-149069ee65ba5cb7c\" class=\"uvc-heading ult-adjust-bottom-margin ultimate-heading-149069ee65ba5cb7c uvc-2084 \" data-hspacer=\"no_spacer\"  data-halign=\"left\" style=\"text-align:left\"><div class=\"uvc-heading-spacer no_spacer\" style=\"top\"><\/div><div class=\"uvc-main-heading ult-responsive\"  data-ultimate-target='.uvc-heading.ultimate-heading-149069ee65ba5cb7c h5'  data-responsive-json-new='{\"font-size\":\"desktop:18px;tablet:18px;tablet_portrait:18px;mobile_landscape:18px;mobile:18px;\",\"line-height\":\"desktop:18px;tablet:18px;tablet_portrait:18px;mobile_landscape:18px;mobile:18px;\"}' ><h5 style=\"font-family:&#039;Open Sans&#039;;font-weight:600;color:#ffffff;margin-bottom:30px;\">Pain Center Germany<\/h5><\/div><\/div>[vc_column_text el_class=&#8221;footer-text&#8221;]Rainer Dierichs Platz 2<br \/>\n34117 Kassel[\/vc_column_text][vc_column_text el_class=&#8221;footer-phone&#8221;]Tel: +49 561 \/ 766 06 999<br \/>\nFax: +49 561 \/ 766 06 998[\/vc_column_text][\/vc_column][vc_column width=&#8221;1\/2&#8243; css=&#8221;.vc_custom_1474812074690{padding-top: 150px !important;padding-right: 0px !important;padding-bottom: 0px !important;padding-left: 0px !important;}&#8221; el_class=&#8221;footer-col-rgt&#8221; offset=&#8221;vc_hidden-sm vc_hidden-xs&#8221;][vc_wp_custommenu nav_menu=&#8221;3&#8243;][\/vc_column][\/vc_row]","protected":false},"excerpt":{"rendered":"<p>[vc_row bg_type=&#8221;bg_color&#8221; bg_color_value=&#8221;#6caae1&#8243; el_class=&#8221;smks-content&#8221; el_id=&#8221;smks-site-head&#8221;][vc_column][\/vc_column][\/vc_row][vc_row bg_type=&#8221;bg_color&#8221; seperator_enable=&#8221;seperator_enable_value&#8221; seperator_type=&#8221;tilt_left_seperator&#8221; seperator_svg_height=&#8221;120&#8243; seperator_shape_background=&#8221;#6caae1&#8243; bg_color_value=&#8221;#ffffff&#8221; el_class=&#8221;smks-content&#8221; el_id=&#8221;smks-front-slider&#8221;][vc_column][vc_images_carousel images=&#8221;57,58&#8243; img_size=&#8221;full&#8221; onclick=&#8221;link_no&#8221; autoplay=&#8221;yes&#8221; hide_prev_next_buttons=&#8221;yes&#8221; wrap=&#8221;yes&#8221; css=&#8221;.vc_custom_1472837447032{margin-top: 0px !important;margin-right: 0px !important;margin-bottom: 0px !important;margin-left: 0px !important;padding-top: 0px !important;padding-right: 0px !important;padding-bottom: 0px !important;padding-left: 0px !important;}&#8221;][vc_raw_html]JTNDZGl2JTIwY2xhc3MlM0QlMjJzbWtzLWZyb250LXNsaWRlci1zZXAlMjIlM0UlMjZuYnNwJTNCJTNDJTJGZGl2JTNF[\/vc_raw_html][vc_raw_html]JTNDc3ZnJTIwc3R5bGUlM0QlMjJoZWlnaHQlM0ElMjAxNDFweCUzQiUyMHRvcCUzQSUyMC0ycHglMjIlMjBjbGFzcyUzRCUyMnV2Yy10aWx0LWxlZnQtc2VwZXJhdG9yJTIyJTIweG1sbnMlM0QlMjJodHRwJTNBJTJGJTJGd3d3LnczLm9yZyUyRjIwMDAlMkZzdmclMjIlMjB2ZXJzaW9uJTNEJTIyMS4xJTIyJTIwZmlsbCUzRCUyMiUyM0ZGRkZGRiUyMiUyMHdpZHRoJTNEJTIyMTAwJTI1JTIyJTIwaGVpZ2h0JTNEJTIyMTIwJTIyJTIwdmlld0JveCUzRCUyMjAlMjAwJTIwNCUyMDAuMjY2NjYxJTIyJTIwcHJlc2VydmVBc3BlY3RSYXRpbyUzRCUyMm5vbmUlMjIlM0UlM0Nwb2x5Z29uJTIwcG9pbnRzJTNEJTIyNCUyQzAlMjAtMC4yNCUyQzAuMjQlMjAwJTJDMC4yNDUlMjA0LjAxJTJDMC4wMiUyMiUzRSUzQyUyRnBvbHlnb24lM0UlM0MlMkZzdmclM0U=[\/vc_raw_html][vc_raw_html]JTNDZGl2JTIwY2xhc3MlM0QlMjJzbWtzLWNvbnRhY3QlMjIlM0UlMEElM0NoNSUzRVBhaW4lMjBDZW50ZXIlMjBHZXJtYW55JTNDJTJGaDUlM0UlMEElM0NwJTNFUmFpbmVyLURpZXJpY2hzLVBsYXR6JTIwMiUzQ2JyJTIwJTJGJTNFMzQxMTclMjBLYXNzZWwlM0MlMkZwJTNFJTBBJTNDcCUyMGNsYXNzJTNEJTIycGhvbmUtbnVtYmVyJTIyJTNFJTJCNDklMjA1NjElMjA3NjYlMjAwNiUyMDk5OSUzQyUyRnAlM0UlMEElM0NidXR0b24lMjB0eXBlJTNEJTIyYnV0dG9uJTIyJTIwaWQlM0QlMjJ1YnRuLTcwNjklMjIlMjBvbmNsaWNrJTNEJTIyamF2YXNjcmlwdCUzQWRvY3VtZW50LmxvY2F0aW9uLmhyZWYlM0QlMjcuLiUyRmVuJTJGYWt0dWVsbGVzJTI3JTIyJTIwY2xhc3MlM0QlMjJ1YnRuJTIwdWx0LWFkanVzdC1ib3R0b20tbWFyZ2luJTIwdWx0LXJlc3BvbnNpdmUlMjB1YnRuLW5vcm1hbCUyMHVidG4tZmFkZS1iZyUyMCUyMG5vbmUlMjAlMjB1YnRuLWNlbnRlciUyMHRvb2x0aXAtNTdkNmM4ZjZkN2JmZCUyMiUyMGRhdGEtaG92ZXIlM0QlMjIlMjNmZmZmZmYlMjIlMjBkYXRhLWJvcmRlci1jb2xvciUzRCUyMiUyMiUyMGRhdGEtYmclM0QlMjIlMjM2Y2FhZTElMjIlMjBkYXRhLWhvdmVyLWJnJTNEJTIyJTIzNjY5OTAwJTIyJTIwZGF0YS1ib3JkZXItaG92ZXIlM0QlMjIlMjIlMjBkYXRhLXNoYWRvdy1ob3ZlciUzRCUyMiUyMiUyMGRhdGEtc2hhZG93LWNsaWNrJTNEJTIybm9uZSUyMiUyMGRhdGEtc2hhZG93JTNEJTIyJTIyJTIwZGF0YS1zaGQtc2hhZG93JTNEJTIyJTIyJTIwJTIwZGF0YS11bHRpbWF0ZS10YXJnZXQlM0QlMjclMjN1YnRuLTcwNjklMjclMjAlMjBkYXRhLXJlc3BvbnNpdmUtanNvbi1uZXclM0QlMjclN0IlMjJmb250LXNpemUlMjIlM0ElMjJkZXNrdG9wJTNBMTRweCUzQiUyMiUyQyUyMmxpbmUtaGVpZ2h0JTIyJTNBJTIyZGVza3RvcCUzQTE0cHglM0IlMjIlN0QlMjclMjAlMjBzdHlsZSUzRCUyMmZvbnQtZmFtaWx5JTNBJTI3T3BlbiUyMFNhbnMlMjclM0Jmb250LXdlaWdodCUzQTMwMCUzQmJvcmRlciUzQW5vbmUlM0JiYWNrZ3JvdW5kJTNBJTIwJTIzNmNhYWUxJTNCY29sb3IlM0ElMjAlMjNmZmZmZmYlM0Jib3JkZXItcmFkaXVzJTNBM3B4JTNCbWFyZ2luLXRvcCUzQTMwcHglM0J3aWR0aCUzQTkwJTI1JTIyJTNFJTNDc3BhbiUyMGNsYXNzJTNEJTIydWJ0bi1ob3ZlciUyMiUyMHN0eWxlJTNEJTIyYmFja2dyb3VuZC1jb2xvciUzQSUyMzY2OTkwMCUyMiUzRSUzQyUyRnNwYW4lM0UlM0NzcGFuJTIwY2xhc3MlM0QlMjJ1YnRuLWRhdGElMjB1YnRuLXRleHQlMjIlM0VjdXJyZW50JTIwaW5mb3JtYXRpb24lM0MlMkZzcGFuJTNFJTNDJTJGYnV0dG9uJTNFJTBBJTNDJTJGZGl2JTNF[\/vc_raw_html][vc_raw_html]JTNDc3ZnJTIwc3R5bGUlM0QlMjJoZWlnaHQlM0ElMjA1NHB4JTNCJTIwdG9wJTNBJTIwMjUwcHglM0IlMjB3aWR0aCUzQTM4MnB4JTNCJTIwcmlnaHQlM0EwJTIyJTIwY2xhc3MlM0QlMjJ1dmMtdGlsdC1sZWZ0LXNlcGVyYXRvciUyMiUyMHhtbG5zJTNEJTIyaHR0cCUzQSUyRiUyRnd3dy53My5vcmclMkYyMDAwJTJGc3ZnJTIyJTIwdmVyc2lvbiUzRCUyMjEuMSUyMiUyMGZpbGwlM0QlMjIlMjNGRkZGRkYlMjIlMjB3aWR0aCUzRCUyMjEwMCUyNSUyMiUyMGhlaWdodCUzRCUyMjEyMCUyMiUyMHZpZXdCb3glM0QlMjIwJTIwMCUyMDQlMjAwLjI2NjY2MSUyMiUyMHByZXNlcnZlQXNwZWN0UmF0aW8lM0QlMjJub25lJTIyJTNFJTNDcG9seWdvbiUyMHBvaW50cyUzRCUyMjQuMDElMkMwJTIwLTAuNjElMkMwLjI0JTIwMCUyQzAuMzElMjA0LjAxJTJDMi4wNSUyMiUzRSUzQyUyRnBvbHlnb24lM0UlM0MlMkZzdmclM0U=[\/vc_raw_html][vc_raw_html]JTNDc3ZnJTIwc3R5bGUlM0QlMjJoZWlnaHQlM0ElMjA3MnB4JTNCJTIwdG9wJTNBJTIwMjM0cHglM0IlMjB3aWR0aCUzQTM4MnB4JTNCJTIwcmlnaHQlM0EwJTNCJTIwb3BhY2l0eSUzQTAuNSUyMiUyMGNsYXNzJTNEJTIydXZjLXRpbHQtbGVmdC1zZXBlcmF0b3IlMjIlMjB4bWxucyUzRCUyMmh0dHAlM0ElMkYlMkZ3d3cudzMub3JnJTJGMjAwMCUyRnN2ZyUyMiUyMHZlcnNpb24lM0QlMjIxLjElMjIlMjBmaWxsJTNEJTIyJTIzRkZGRkZGJTIyJTIwd2lkdGglM0QlMjIxMDAlMjUlMjIlMjBoZWlnaHQlM0QlMjIxMjAlMjIlMjB2aWV3Qm94JTNEJTIyMCUyMDAlMjA0JTIwMC4yNjY2NjElMjIlMjBwcmVzZXJ2ZUFzcGVjdFJhdGlvJTNEJTIybm9uZSUyMiUzRSUzQ3BvbHlnb24lMjBwb2ludHMlM0QlMjI0LjAxJTJDMCUyMC0xLjglMkMwLjI0JTIwMCUyQzAuMjY2NjElMjA0LjElMkMwLjExJTIyJTNFJTNDJTJGcG9seWdvbiUzRSUzQyUyRnN2ZyUzRQ==[\/vc_raw_html][\/vc_column][\/vc_row][vc_row bg_type=&#8221;bg_color&#8221; bg_color_value=&#8221;#ffffff&#8221; el_class=&#8221;smks-content smks-text-padding&#8221; el_id=&#8221;smkscontent&#8221;][vc_column][vc_column_text]Pain Center Germany Practice Owner: Markus Gehling (M.D.) Rainer-Dierichs-Platz 2 34117 Kassel[\/vc_column_text][vc_row_inner][vc_column_inner width=&#8221;1\/2&#8243;][vc_column_text]Telefon: +49 561 \/ 766 06 999 Telefax:[\/vc_column_text][\/vc_column_inner][vc_column_inner width=&#8221;1\/2&#8243;][vc_column_text]E-Mail: info@pain-center-germany.de Internet: http:\/\/www.pain-center-germany.de[\/vc_column_text][\/vc_column_inner][\/vc_row_inner][\/vc_column][\/vc_row][vc_row bg_type=&#8221;bg_color&#8221; seperator_enable=&#8221;seperator_enable_value&#8221; seperator_type=&#8221;tilt_right_seperator&#8221; seperator_position=&#8221;bottom_seperator&#8221; seperator_svg_height=&#8221;75&#8243; seperator_shape_background=&#8221;#6caae1&#8243; bg_color_value=&#8221;#ffffff&#8221; el_class=&#8221;smks-content smks-text-padding&#8221; css=&#8221;.vc_custom_1472851915711{margin-top: 0px !important;padding-top: 0px !important;padding-bottom: 125px !important;}&#8221;][vc_column][vc_column_text]Medical Doctor Anaesthesiologist Board qualified in &#8211; Pain Medicine &#8211; Palliative Care Medicine &#8211; Manual Medicine &#8211; Intensive Care Medicine &#8211; Emergency Medicine[\/vc_column_text][vc_column_text]Medical Doctor aquired in Germany Occupational titles- and additional designations obtained from \u00c4rztekammer S\u00fcdbaden (Frankfurt) and Landes\u00e4rztekammer Hessen (Frankfurt)[\/vc_column_text][vc_column_text el_class=&#8221;server-data-list&#8221;]Landes\u00e4rztekammer Hessen Im Vogelsang 3 60488 Frankfurt\/Main More informations on their website under www.laekh.de[\/vc_column_text][vc_column_text]Kassen\u00e4rztliche Vereinigung Hessen Europa-Allee 90 60486 Frankfurt More informations on their website under www.kvhessen.de[\/vc_column_text][vc_row_inner][vc_column_inner width=&#8221;1\/2&#8243;][vc_column_text]Brassat Webdesign Am Berg 18 36251 Ludwigsau Ersrode[\/vc_column_text][\/vc_column_inner][vc_column_inner width=&#8221;1\/2&#8243;][vc_column_text el_class=&#8221;bw-info&#8221;]Brassat Webdesign plans, creates and cares about websites of clubs, private persons and small or middle-class companys.[\/vc_column_text][\/vc_column_inner][\/vc_row_inner][\/vc_column][\/vc_row][vc_row bg_type=&#8221;bg_color&#8221; bg_color_value=&#8221;#6caae1&#8243; el_class=&#8221;smks-content&#8221; el_id=&#8221;smks-footer&#8221;][vc_column width=&#8221;1\/2&#8243; el_class=&#8221;footer-col-lft&#8221; css=&#8221;.vc_custom_1473570604668{padding-top: 20px !important;padding-right: 0px !important;padding-bottom: 40px !important;padding-left: 0px !important;}&#8221;][vc_column_text el_class=&#8221;footer-text&#8221;]Rainer Dierichs Platz 2 34117 Kassel[\/vc_column_text][vc_column_text el_class=&#8221;footer-phone&#8221;]Tel: +49 561 \/ 766 06 999 Fax: +49 561 \/ 766 06 998[\/vc_column_text][\/vc_column][vc_column width=&#8221;1\/2&#8243; css=&#8221;.vc_custom_1474812074690{padding-top: 150px !important;padding-right: 0px !important;padding-bottom: 0px !important;padding-left: 0px !important;}&#8221; el_class=&#8221;footer-col-rgt&#8221; offset=&#8221;vc_hidden-sm vc_hidden-xs&#8221;][vc_wp_custommenu nav_menu=&#8221;3&#8243;][\/vc_column][\/vc_row]<\/p>\n","protected":false},"author":1,"featured_media":0,"parent":0,"menu_order":0,"comment_status":"closed","ping_status":"closed","template":"","meta":{"footnotes":""},"class_list":["post-259","page","type-page","status-publish","hentry","entry","post-inner"],"_links":{"self":[{"href":"https:\/\/www.schmerzmedizin-kassel.de\/en\/wp-json\/wp\/v2\/pages\/259","targetHints":{"allow":["GET"]}}],"collection":[{"href":"https:\/\/www.schmerzmedizin-kassel.de\/en\/wp-json\/wp\/v2\/pages"}],"about":[{"href":"https:\/\/www.schmerzmedizin-kassel.de\/en\/wp-json\/wp\/v2\/types\/page"}],"author":[{"embeddable":true,"href":"https:\/\/www.schmerzmedizin-kassel.de\/en\/wp-json\/wp\/v2\/users\/1"}],"replies":[{"embeddable":true,"href":"https:\/\/www.schmerzmedizin-kassel.de\/en\/wp-json\/wp\/v2\/comments?post=259"}],"version-history":[{"count":5,"href":"https:\/\/www.schmerzmedizin-kassel.de\/en\/wp-json\/wp\/v2\/pages\/259\/revisions"}],"predecessor-version":[{"id":768,"href":"https:\/\/www.schmerzmedizin-kassel.de\/en\/wp-json\/wp\/v2\/pages\/259\/revisions\/768"}],"wp:attachment":[{"href":"https:\/\/www.schmerzmedizin-kassel.de\/en\/wp-json\/wp\/v2\/media?parent=259"}],"curies":[{"name":"wp","href":"https:\/\/api.w.org\/{rel}","templated":true}]}}